{"id":50,"date":"2023-09-28T16:29:17","date_gmt":"2023-09-28T19:29:17","guid":{"rendered":"https:\/\/arquitetacassianagalante.com.br\/?page_id=50"},"modified":"2023-11-07T15:14:01","modified_gmt":"2023-11-07T18:14:01","slug":"sobre","status":"publish","type":"page","link":"https:\/\/arquitetacassianagalante.com.br\/index.php\/sobre\/","title":{"rendered":"Sobre"},"content":{"rendered":"\t\t<div data-elementor-type=\"wp-page\" data-elementor-id=\"50\" class=\"elementor elementor-50\">\n\t\t\t\t\t\t\t<div class=\"elementor-element elementor-element-85b6e48 e-flex e-con-boxed e-con e-parent\" data-id=\"85b6e48\" data-element_type=\"container\" data-settings=\"{&quot;content_width&quot;:&quot;boxed&quot;}\" data-core-v316-plus=\"true\">\n\t\t\t\t\t<div class=\"e-con-inner\">\n\t\t<div class=\"elementor-element elementor-element-63ccd65 e-flex e-con-boxed e-con e-child\" data-id=\"63ccd65\" data-element_type=\"container\" data-settings=\"{&quot;background_background&quot;:&quot;classic&quot;,&quot;content_width&quot;:&quot;boxed&quot;}\">\n\t\t\t\t\t<div class=\"e-con-inner\">\n\t\t<div class=\"elementor-element elementor-element-a5334a1 e-con-full e-flex e-con e-child\" data-id=\"a5334a1\" data-element_type=\"container\" data-settings=\"{&quot;content_width&quot;:&quot;full&quot;}\">\n\t\t\t\t<div class=\"elementor-element elementor-element-d9cc0e3 elementor-widget__width-initial elementor-invisible elementor-widget elementor-widget-image\" data-id=\"d9cc0e3\" data-element_type=\"widget\" data-settings=\"{&quot;_animation_mobile&quot;:&quot;fadeInUp&quot;,&quot;_animation&quot;:&quot;fadeInUp&quot;}\" data-widget_type=\"image.default\">\n\t\t\t\t<div class=\"elementor-widget-container\">\n\t\t\t<style>\/*! elementor - v3.18.0 - 04-12-2023 *\/\n.elementor-widget-image{text-align:center}.elementor-widget-image a{display:inline-block}.elementor-widget-image a img[src$=\".svg\"]{width:48px}.elementor-widget-image img{vertical-align:middle;display:inline-block}<\/style>\t\t\t\t\t\t\t\t\t\t\t\t<img fetchpriority=\"high\" decoding=\"async\" width=\"768\" height=\"1024\" src=\"https:\/\/arquitetacassianagalante.com.br\/wp-content\/uploads\/2023\/10\/Imagem-do-WhatsApp-de-2023-10-19-as-15.15.26_c017d10b.jpg\" class=\"attachment-large size-large wp-image-239\" alt=\"\" srcset=\"https:\/\/arquitetacassianagalante.com.br\/wp-content\/uploads\/2023\/10\/Imagem-do-WhatsApp-de-2023-10-19-as-15.15.26_c017d10b.jpg 768w, https:\/\/arquitetacassianagalante.com.br\/wp-content\/uploads\/2023\/10\/Imagem-do-WhatsApp-de-2023-10-19-as-15.15.26_c017d10b-225x300.jpg 225w\" sizes=\"(max-width: 768px) 100vw, 768px\" \/>\t\t\t\t\t\t\t\t\t\t\t\t\t\t\t<\/div>\n\t\t\t\t<\/div>\n\t\t\t\t<\/div>\n\t\t<div class=\"elementor-element elementor-element-a868fba e-con-full e-flex elementor-invisible e-con e-child\" data-id=\"a868fba\" data-element_type=\"container\" data-settings=\"{&quot;content_width&quot;:&quot;full&quot;,&quot;animation&quot;:&quot;fadeInRight&quot;}\">\n\t\t\t\t<div class=\"elementor-element elementor-element-e8aaf93 elementor-widget__width-initial elementor-widget elementor-widget-image\" data-id=\"e8aaf93\" data-element_type=\"widget\" data-widget_type=\"image.default\">\n\t\t\t\t<div class=\"elementor-widget-container\">\n\t\t\t\t\t\t\t\t\t\t\t\t\t\t\t<img decoding=\"async\" width=\"560\" height=\"248\" src=\"https:\/\/arquitetacassianagalante.com.br\/wp-content\/uploads\/2023\/11\/CASS-HATTON.png\" class=\"attachment-full size-full wp-image-1327\" alt=\"\" srcset=\"https:\/\/arquitetacassianagalante.com.br\/wp-content\/uploads\/2023\/11\/CASS-HATTON.png 560w, https:\/\/arquitetacassianagalante.com.br\/wp-content\/uploads\/2023\/11\/CASS-HATTON-300x133.png 300w\" sizes=\"(max-width: 560px) 100vw, 560px\" \/>\t\t\t\t\t\t\t\t\t\t\t\t\t\t\t<\/div>\n\t\t\t\t<\/div>\n\t\t\t\t<div class=\"elementor-element elementor-element-7a01787 elementor-invisible elementor-widget elementor-widget-text-editor\" data-id=\"7a01787\" data-element_type=\"widget\" data-settings=\"{&quot;_animation_mobile&quot;:&quot;fadeInUp&quot;,&quot;_animation&quot;:&quot;fadeInLeft&quot;}\" data-widget_type=\"text-editor.default\">\n\t\t\t\t<div class=\"elementor-widget-container\">\n\t\t\t<style>\/*! elementor - v3.18.0 - 04-12-2023 *\/\n.elementor-widget-text-editor.elementor-drop-cap-view-stacked .elementor-drop-cap{background-color:#69727d;color:#fff}.elementor-widget-text-editor.elementor-drop-cap-view-framed .elementor-drop-cap{color:#69727d;border:3px solid;background-color:transparent}.elementor-widget-text-editor:not(.elementor-drop-cap-view-default) .elementor-drop-cap{margin-top:8px}.elementor-widget-text-editor:not(.elementor-drop-cap-view-default) .elementor-drop-cap-letter{width:1em;height:1em}.elementor-widget-text-editor .elementor-drop-cap{float:left;text-align:center;line-height:1;font-size:50px}.elementor-widget-text-editor .elementor-drop-cap-letter{display:inline-block}<\/style>\t\t\t\t<p>\u00a0 \u00a0Com mais de duas d\u00e9cadas de experi\u00eancia, nossa equipe tem se dedicado a atender os desejos dos nossos clientes e transformar esses sonhos em realidade por meio dos nossos projetos.<\/p><p>\u00a0 Acreditamos na import\u00e2ncia de cada detalhe e na paix\u00e3o pelo design, e \u00e9 por isso que nos esfor\u00e7amos incansavelmente para criar espa\u00e7os que atendam suas necessidades e suas expectativas, atrav\u00e9s do nosso comprometimento construimos uma hist\u00f3ria de sucesso ao longo dos anos, tornando os sonhos dos nossos clientes em projetos de arquitetura e design que encantam e inspiram.<\/p>\t\t\t\t\t\t<\/div>\n\t\t\t\t<\/div>\n\t\t\t\t<\/div>\n\t\t\t\t\t<\/div>\n\t\t\t\t<\/div>\n\t\t\t\t\t<\/div>\n\t\t\t\t<\/div>\n\t\t\t\t\t\t\t<\/div>\n\t\t","protected":false},"excerpt":{"rendered":"<p>\u00a0 \u00a0Com mais de duas d\u00e9cadas de experi\u00eancia, nossa equipe tem se dedicado a atender os desejos dos nossos clientes e transformar esses sonhos em realidade por meio dos nossos projetos. \u00a0 Acreditamos na import\u00e2ncia de cada detalhe e na paix\u00e3o pelo design, e \u00e9 por isso que nos esfor\u00e7amos incansavelmente para criar espa\u00e7os que [&hellip;]<\/p>\n","protected":false},"author":1,"featured_media":0,"parent":0,"menu_order":0,"comment_status":"closed","ping_status":"closed","template":"elementor_header_footer","meta":{"footnotes":""},"_links":{"self":[{"href":"https:\/\/arquitetacassianagalante.com.br\/index.php\/wp-json\/wp\/v2\/pages\/50"}],"collection":[{"href":"https:\/\/arquitetacassianagalante.com.br\/index.php\/wp-json\/wp\/v2\/pages"}],"about":[{"href":"https:\/\/arquitetacassianagalante.com.br\/index.php\/wp-json\/wp\/v2\/types\/page"}],"author":[{"embeddable":true,"href":"https:\/\/arquitetacassianagalante.com.br\/index.php\/wp-json\/wp\/v2\/users\/1"}],"replies":[{"embeddable":true,"href":"https:\/\/arquitetacassianagalante.com.br\/index.php\/wp-json\/wp\/v2\/comments?post=50"}],"version-history":[{"count":55,"href":"https:\/\/arquitetacassianagalante.com.br\/index.php\/wp-json\/wp\/v2\/pages\/50\/revisions"}],"predecessor-version":[{"id":1380,"href":"https:\/\/arquitetacassianagalante.com.br\/index.php\/wp-json\/wp\/v2\/pages\/50\/revisions\/1380"}],"wp:attachment":[{"href":"https:\/\/arquitetacassianagalante.com.br\/index.php\/wp-json\/wp\/v2\/media?parent=50"}],"curies":[{"name":"wp","href":"https:\/\/api.w.org\/{rel}","templated":true}]}}